{"id":27,"date":"2016-06-21T22:38:18","date_gmt":"2016-06-21T21:38:18","guid":{"rendered":"https:\/\/modernbat.fr\/index.php\/services-2\/"},"modified":"2026-01-09T16:08:18","modified_gmt":"2026-01-09T15:08:18","slug":"services-2","status":"publish","type":"page","link":"https:\/\/modernbat.fr\/index.php\/services-2\/","title":{"rendered":"Services"},"content":{"rendered":"<div class=\"wpb-content-wrapper\"><p>[vc_row gap=\u00a0\u00bb30&Prime; equal_height=\u00a0\u00bbyes\u00a0\u00bb type=\u00a0\u00bbvc_default\u00a0\u00bb css=\u00a0\u00bb.vc_custom_1495105796691{padding-top: 70px !important;padding-right: 25px !important;padding-bottom: 70px !important;padding-left: 25px !important;}\u00a0\u00bb][vc_column width=\u00a0\u00bb1\/2&Prime; css=\u00a0\u00bb.vc_custom_1578745201435{padding-top: 0px !important;padding-right: 0px !important;padding-bottom: 0px !important;padding-left: 0px !important;background-color: rgba(0,0,0,0.04) !important;*background-color: rgb(0,0,0) !important;}\u00a0\u00bb]<style type=\"text\/css\" data-type=\"the7_shortcodes-inline-css\">.shortcode-single-image-wrap.shortcode-single-image-63c764feeae5800cb00094572c13f99d.enable-bg-rollover .rollover i,\n.shortcode-single-image-wrap.shortcode-single-image-63c764feeae5800cb00094572c13f99d.enable-bg-rollover .rollover-video i {\n  background: -webkit-linear-gradient();\n  background: linear-gradient();\n}\n.shortcode-single-image-wrap.shortcode-single-image-63c764feeae5800cb00094572c13f99d .rollover-icon {\n  font-size: 32px;\n  color: #ffffff;\n  min-width: 44px;\n  min-height: 44px;\n  line-height: 44px;\n  border-radius: 100px;\n  border-style: solid;\n  border-width: 0px;\n}\n.dt-icon-bg-on.shortcode-single-image-wrap.shortcode-single-image-63c764feeae5800cb00094572c13f99d .rollover-icon {\n  background: rgba(255,255,255,0.3);\n  box-shadow: none;\n}<\/style><div class=\"shortcode-single-image-wrap shortcode-single-image-63c764feeae5800cb00094572c13f99d alignnone  enable-bg-rollover dt-icon-bg-off\" style=\"margin-top:0px; margin-bottom:0px; margin-left:0px; margin-right:0px; width:900px;\"><div class=\"shortcode-single-image\"><div class=\"fancy-media-wrap  layzr-bg\" style=\"\"><img fetchpriority=\"high\" decoding=\"async\" class=\"preload-me lazy-load aspect\" src=\"data:image\/svg+xml,%3Csvg%20xmlns%3D&#39;http%3A%2F%2Fwww.w3.org%2F2000%2Fsvg&#39;%20viewBox%3D&#39;0%200%20900%20600&#39;%2F%3E\" data-src=\"https:\/\/modernbat.fr\/wp-content\/uploads\/2020\/01\/con008-900x600.jpg\" data-srcset=\"https:\/\/modernbat.fr\/wp-content\/uploads\/2020\/01\/con008-900x600.jpg 900w, https:\/\/modernbat.fr\/wp-content\/uploads\/2020\/01\/con008.jpg 1500w\" loading=\"eager\" sizes=\"(max-width: 900px) 100vw, 900px\" width=\"900\" height=\"600\"  data-dt-location=\"https:\/\/modernbat.fr\/con008\/\" style=\"--ratio: 900 \/ 600;\" alt=\"\" \/><\/div><\/div><\/div>[vc_row_inner css=\u00a0\u00bb.vc_custom_1495105364136{padding-top: 30px !important;padding-right: 30px !important;padding-bottom: 40px !important;padding-left: 30px !important;}\u00a0\u00bb][vc_column_inner][vc_column_text css=\u00a0\u00bb.vc_custom_1767311567595{padding-bottom: 20px !important;}\u00a0\u00bb]<\/p>\n<h3>R\u00e9novation compl\u00e8te<\/h3>\n<p>Votre maison a besoin d\u2019un nouveau souffle ? Que ce soit pour moderniser, agrandir, am\u00e9liorer le confort ou la performance \u00e9nerg\u00e9tique, ModernBat vous accompagne dans votre r\u00e9novation de maison en r\u00e9gion parisienne avec rigueur, transparence et engagement.[\/vc_column_text][\/vc_column_inner][\/vc_row_inner][\/vc_column][vc_column width=\u00a0\u00bb1\/2&Prime; css=\u00a0\u00bb.vc_custom_1578745232578{padding-top: 0px !important;padding-right: 0px !important;padding-bottom: 0px !important;padding-left: 0px !important;background-color: rgba(0,0,0,0.04) !important;*background-color: rgb(0,0,0) !important;}\u00a0\u00bb]<style type=\"text\/css\" data-type=\"the7_shortcodes-inline-css\">.shortcode-single-image-wrap.shortcode-single-image-da5230347349ca767fdacbaf718125c2.enable-bg-rollover .rollover i,\n.shortcode-single-image-wrap.shortcode-single-image-da5230347349ca767fdacbaf718125c2.enable-bg-rollover .rollover-video i {\n  background: -webkit-linear-gradient();\n  background: linear-gradient();\n}\n.shortcode-single-image-wrap.shortcode-single-image-da5230347349ca767fdacbaf718125c2 .rollover-icon {\n  font-size: 32px;\n  color: #ffffff;\n  min-width: 44px;\n  min-height: 44px;\n  line-height: 44px;\n  border-radius: 100px;\n  border-style: solid;\n  border-width: 0px;\n}\n.dt-icon-bg-on.shortcode-single-image-wrap.shortcode-single-image-da5230347349ca767fdacbaf718125c2 .rollover-icon {\n  background: rgba(255,255,255,0.3);\n  box-shadow: none;\n}<\/style><div class=\"shortcode-single-image-wrap shortcode-single-image-da5230347349ca767fdacbaf718125c2 alignnone  enable-bg-rollover dt-icon-bg-off\" style=\"margin-top:0px; margin-bottom:0px; margin-left:0px; margin-right:0px; width:900px;\"><div class=\"shortcode-single-image\"><div class=\"fancy-media-wrap  layzr-bg\" style=\"\"><img decoding=\"async\" class=\"preload-me lazy-load aspect\" src=\"data:image\/svg+xml,%3Csvg%20xmlns%3D&#39;http%3A%2F%2Fwww.w3.org%2F2000%2Fsvg&#39;%20viewBox%3D&#39;0%200%20900%20600&#39;%2F%3E\" data-src=\"https:\/\/modernbat.fr\/wp-content\/uploads\/2020\/01\/con016-900x600.jpg\" data-srcset=\"https:\/\/modernbat.fr\/wp-content\/uploads\/2020\/01\/con016-900x600.jpg 900w, https:\/\/modernbat.fr\/wp-content\/uploads\/2020\/01\/con016.jpg 1500w\" loading=\"eager\" sizes=\"(max-width: 900px) 100vw, 900px\" width=\"900\" height=\"600\"  data-dt-location=\"https:\/\/modernbat.fr\/index.php\/services-2\/con016\/\" style=\"--ratio: 900 \/ 600;\" alt=\"\" \/><\/div><\/div><\/div>[vc_row_inner css=\u00a0\u00bb.vc_custom_1495105364136{padding-top: 30px !important;padding-right: 30px !important;padding-bottom: 40px !important;padding-left: 30px !important;}\u00a0\u00bb][vc_column_inner][vc_column_text css=\u00a0\u00bb.vc_custom_1767311615457{padding-bottom: 20px !important;}\u00a0\u00bb]<\/p>\n<h3>R\u00e9novation d&rsquo;une piece<\/h3>\n<p>Nous comprenons que chaque espace de vie est unique, et que chaque pi\u00e8ce d\u2019une maison a ses particularit\u00e9s. La r\u00e9ussite d\u2019une r\u00e9novation ne r\u00e9side pas seulement dans la qualit\u00e9 des mat\u00e9riaux, mais aussi dans la compr\u00e9hension des besoins sp\u00e9cifiques de chaque pi\u00e8ce, pour le plus grand confort de vos clients.[\/vc_column_text][\/vc_column_inner][\/vc_row_inner][\/vc_column][vc_column width=\u00a0\u00bb1\/2&Prime; css=\u00a0\u00bb.vc_custom_1578745346381{padding-top: 0px !important;padding-right: 0px !important;padding-bottom: 0px !important;padding-left: 0px !important;background-color: rgba(0,0,0,0.04) !important;*background-color: rgb(0,0,0) !important;}\u00a0\u00bb]<style type=\"text\/css\" data-type=\"the7_shortcodes-inline-css\">.shortcode-single-image-wrap.shortcode-single-image-11755e1d0a4fd6663ed90f59bbf5bf05.enable-bg-rollover .rollover i,\n.shortcode-single-image-wrap.shortcode-single-image-11755e1d0a4fd6663ed90f59bbf5bf05.enable-bg-rollover .rollover-video i {\n  background: -webkit-linear-gradient();\n  background: linear-gradient();\n}\n.shortcode-single-image-wrap.shortcode-single-image-11755e1d0a4fd6663ed90f59bbf5bf05 .rollover-icon {\n  font-size: 32px;\n  color: #ffffff;\n  min-width: 44px;\n  min-height: 44px;\n  line-height: 44px;\n  border-radius: 100px;\n  border-style: solid;\n  border-width: 0px;\n}\n.dt-icon-bg-on.shortcode-single-image-wrap.shortcode-single-image-11755e1d0a4fd6663ed90f59bbf5bf05 .rollover-icon {\n  background: rgba(255,255,255,0.3);\n  box-shadow: none;\n}<\/style><div class=\"shortcode-single-image-wrap shortcode-single-image-11755e1d0a4fd6663ed90f59bbf5bf05 alignnone  enable-bg-rollover dt-icon-bg-off\" style=\"margin-top:0px; margin-bottom:0px; margin-left:0px; margin-right:0px; width:900px;\"><div class=\"shortcode-single-image\"><div class=\"fancy-media-wrap  layzr-bg\" style=\"\"><img decoding=\"async\" class=\"preload-me lazy-load aspect\" src=\"data:image\/svg+xml,%3Csvg%20xmlns%3D&#39;http%3A%2F%2Fwww.w3.org%2F2000%2Fsvg&#39;%20viewBox%3D&#39;0%200%20900%20600&#39;%2F%3E\" data-src=\"https:\/\/modernbat.fr\/wp-content\/uploads\/2020\/01\/con102-900x600.jpg\" data-srcset=\"https:\/\/modernbat.fr\/wp-content\/uploads\/2020\/01\/con102-900x600.jpg 900w, https:\/\/modernbat.fr\/wp-content\/uploads\/2020\/01\/con102.jpg 1500w\" loading=\"eager\" sizes=\"(max-width: 900px) 100vw, 900px\" width=\"900\" height=\"600\"  data-dt-location=\"https:\/\/modernbat.fr\/index.php\/project\/maecenas-nec-tellus-ultricies\/con102\/\" style=\"--ratio: 900 \/ 600;\" alt=\"\" \/><\/div><\/div><\/div>[vc_row_inner css=\u00a0\u00bb.vc_custom_1495105364136{padding-top: 30px !important;padding-right: 30px !important;padding-bottom: 40px !important;padding-left: 30px !important;}\u00a0\u00bb][vc_column_inner][vc_column_text css=\u00a0\u00bb.vc_custom_1767311716733{padding-bottom: 20px !important;}\u00a0\u00bb]<\/p>\n<div class=\"uvc-main-heading ult-responsive\" data-ultimate-target=\".uvc-heading.ultimate-heading-3157695708a96d760 h3\" data-responsive-json-new=\"{&quot;font-size&quot;:&quot;desktop:18px;&quot;,&quot;line-height&quot;:&quot;desktop:28px;&quot;}\">\n<h3>R\u00e9novation \u00e9nerg\u00e9tique<\/h3>\n<p><span style=\"font-size: 14px; font-weight: normal;\">La&nbsp;r\u00e9novation performante,&nbsp;c\u2019est une r\u00e9novation \u00e9nerg\u00e9tique globale et coh\u00e9rente de votre maison, r\u00e9alis\u00e9e en une ou deux \u00e9tapes.<\/span><\/div>\n<div class=\"uvc-sub-heading ult-responsive\" data-ultimate-target=\".uvc-heading.ultimate-heading-3157695708a96d760 .uvc-sub-heading \" data-responsive-json-new=\"{&quot;font-size&quot;:&quot;desktop:14px;&quot;,&quot;line-height&quot;:&quot;desktop:26px;&quot;}\">\n<p class=\"p1\">Elle agit sur tous les postes cl\u00e9s :&nbsp;isolation des murs, de la&nbsp;toiture et du sol,&nbsp;remplacement des menuiseries,&nbsp;syst\u00e8me de ventilation performant&nbsp;et&nbsp;chauffage adapt\u00e9. En intervenant sur ces&nbsp;six postes de mani\u00e8re simultan\u00e9e,&nbsp;on traite aussi les ponts thermiques, la migration de la vapeur d\u2019eau et l\u2019\u00e9tanch\u00e9it\u00e9 \u00e0 l\u2019air, pour garantir une vraie performance \u00e9nerg\u00e9tique.<\/p>\n<\/div>\n<div class=\"uvc-sub-heading ult-responsive\" data-ultimate-target=\".uvc-heading.ultimate-heading-3157695708a96d760 .uvc-sub-heading \" data-responsive-json-new=\"{&quot;font-size&quot;:&quot;desktop:14px;&quot;,&quot;line-height&quot;:&quot;desktop:26px;&quot;}\">\n<p class=\"p1\">\n<\/div>\n<p>[\/vc_column_text][\/vc_column_inner][\/vc_row_inner][\/vc_column][\/vc_row]<\/p>\n<\/div>","protected":false},"excerpt":{"rendered":"<p>[vc_row gap=\u00a0\u00bb30&Prime; equal_height=\u00a0\u00bbyes\u00a0\u00bb type=\u00a0\u00bbvc_default\u00a0\u00bb css=\u00a0\u00bb.vc_custom_1495105796691{padding-top: 70px !important;padding-right: 25px !important;padding-bottom: 70px !important;padding-left: 25px !important;}\u00a0\u00bb][vc_column width=\u00a0\u00bb1\/2&Prime; css=\u00a0\u00bb.vc_custom_1578745201435{padding-top: 0px !important;padding-right: 0px !important;padding-bottom: 0px !important;padding-left: 0px !important;background-color: rgba(0,0,0,0.04) !important;*background-color: rgb(0,0,0) !important;}\u00a0\u00bb][vc_row_inner css=\u00a0\u00bb.vc_custom_1495105364136{padding-top: 30px !important;padding-right: 30px !important;padding-bottom: 40px !important;padding-left: 30px !important;}\u00a0\u00bb][vc_column_inner][vc_column_text css=\u00a0\u00bb.vc_custom_1767311567595{padding-bottom: 20px !important;}\u00a0\u00bb] R\u00e9novation compl\u00e8te Votre maison a besoin d\u2019un nouveau souffle ? Que ce soit pour moderniser, agrandir,&hellip;<\/p>\n","protected":false},"author":1,"featured_media":0,"parent":0,"menu_order":2,"comment_status":"closed","ping_status":"closed","template":"","meta":{"footnotes":""},"class_list":["post-27","page","type-page","status-publish","hentry","description-off"],"_links":{"self":[{"href":"https:\/\/modernbat.fr\/index.php\/wp-json\/wp\/v2\/pages\/27","targetHints":{"allow":["GET"]}}],"collection":[{"href":"https:\/\/modernbat.fr\/index.php\/wp-json\/wp\/v2\/pages"}],"about":[{"href":"https:\/\/modernbat.fr\/index.php\/wp-json\/wp\/v2\/types\/page"}],"author":[{"embeddable":true,"href":"https:\/\/modernbat.fr\/index.php\/wp-json\/wp\/v2\/users\/1"}],"replies":[{"embeddable":true,"href":"https:\/\/modernbat.fr\/index.php\/wp-json\/wp\/v2\/comments?post=27"}],"version-history":[{"count":4,"href":"https:\/\/modernbat.fr\/index.php\/wp-json\/wp\/v2\/pages\/27\/revisions"}],"predecessor-version":[{"id":5827,"href":"https:\/\/modernbat.fr\/index.php\/wp-json\/wp\/v2\/pages\/27\/revisions\/5827"}],"wp:attachment":[{"href":"https:\/\/modernbat.fr\/index.php\/wp-json\/wp\/v2\/media?parent=27"}],"curies":[{"name":"wp","href":"https:\/\/api.w.org\/{rel}","templated":true}]}}